{"id":482,"date":"2021-06-29T14:27:50","date_gmt":"2021-06-29T12:27:50","guid":{"rendered":"http:\/\/declaration.groupeberkem.com\/muj-ucet\/"},"modified":"2021-06-29T14:32:36","modified_gmt":"2021-06-29T12:32:36","slug":"muj-ucet","status":"publish","type":"page","link":"https:\/\/declaration.groupeberkem.com\/cs\/muj-ucet\/","title":{"rendered":"M\u016fj \u00fa\u010det"},"content":{"rendered":"","protected":false},"excerpt":{"rendered":"","protected":false},"author":1,"featured_media":0,"parent":0,"menu_order":0,"comment_status":"closed","ping_status":"closed","template":"templates-pages\/template-dashboard.php","meta":{"_acf_changed":false,"footnotes":""},"class_list":["post-482","page","type-page","status-publish","hentry","entry"],"acf":[],"_links":{"self":[{"href":"https:\/\/declaration.groupeberkem.com\/cs\/wp-json\/wp\/v2\/pages\/482","targetHints":{"allow":["GET"]}}],"collection":[{"href":"https:\/\/declaration.groupeberkem.com\/cs\/wp-json\/wp\/v2\/pages"}],"about":[{"href":"https:\/\/declaration.groupeberkem.com\/cs\/wp-json\/wp\/v2\/types\/page"}],"author":[{"embeddable":true,"href":"https:\/\/declaration.groupeberkem.com\/cs\/wp-json\/wp\/v2\/users\/1"}],"replies":[{"embeddable":true,"href":"https:\/\/declaration.groupeberkem.com\/cs\/wp-json\/wp\/v2\/comments?post=482"}],"version-history":[{"count":2,"href":"https:\/\/declaration.groupeberkem.com\/cs\/wp-json\/wp\/v2\/pages\/482\/revisions"}],"predecessor-version":[{"id":1510,"href":"https:\/\/declaration.groupeberkem.com\/cs\/wp-json\/wp\/v2\/pages\/482\/revisions\/1510"}],"wp:attachment":[{"href":"https:\/\/declaration.groupeberkem.com\/cs\/wp-json\/wp\/v2\/media?parent=482"}],"curies":[{"name":"wp","href":"https:\/\/api.w.org\/{rel}","templated":true}]}}