{"id":670,"date":"2021-07-01T15:49:34","date_gmt":"2021-07-01T13:49:34","guid":{"rendered":"http:\/\/declaration.groupeberkem.com\/belepes\/"},"modified":"2021-07-01T15:49:51","modified_gmt":"2021-07-01T13:49:51","slug":"belepes","status":"publish","type":"page","link":"https:\/\/declaration.groupeberkem.com\/hu\/","title":{"rendered":"Bel\u00e9p\u00e9s"},"content":{"rendered":"\n<div class=\"wp-block-columns is-layout-flex wp-container-core-columns-is-layout-9d6595d7 wp-block-columns-is-layout-flex\">\n<div class=\"wp-block-column is-layout-flow wp-block-column-is-layout-flow\"><div id=\"wpmem_reg\"><a id=\"register\"><\/a><form name=\"form\" method=\"post\" action=\"https:\/\/declaration.groupeberkem.com\/hu\/\" id=\"wpmem_register_form\" class=\"form\"><input type=\"hidden\" id=\"_wpmem_register_nonce\" name=\"_wpmem_register_nonce\" value=\"50afa25765\" \/><input type=\"hidden\" name=\"_wp_http_referer\" value=\"\/hu\/wp-json\/wp\/v2\/pages\/670\" \/><fieldset><legend>Regisztr\u00e1ci\u00f3<\/legend><label for=\"username\" class=\"text\">Felhaszn\u00e1l\u00f3n\u00e9v<span class=\"req\">*<\/span><\/label><div class=\"div_text\"><input name=\"username\" type=\"text\" id=\"username\" value=\"\" class=\"textbox\" required  \/><\/div><label for=\"first_name\" class=\"text\">Keresztn\u00e9v<span class=\"req\">*<\/span><\/label><div class=\"div_text\"><input name=\"first_name\" type=\"text\" id=\"first_name\" value=\"\" class=\"textbox\" required  \/><\/div><label for=\"last_name\" class=\"text\">Vezet\u00e9kn\u00e9v<span class=\"req\">*<\/span><\/label><div class=\"div_text\"><input name=\"last_name\" type=\"text\" id=\"last_name\" value=\"\" class=\"textbox\" required  \/><\/div><label for=\"company\" class=\"text\">C\u00e9gn\u00e9v<span class=\"req\">*<\/span><\/label><div class=\"div_text\"><input name=\"company\" type=\"text\" id=\"company\" value=\"\" class=\"textbox\" title=\"C\u00e9gn\u00e9v\" required  \/><\/div><label for=\"billing_address_1\" class=\"text\">C\u00edm<span class=\"req\">*<\/span><\/label><div class=\"div_text\"><input name=\"billing_address_1\" type=\"text\" id=\"billing_address_1\" value=\"\" class=\"textbox\" required  \/><\/div><label for=\"billing_address_2\" class=\"text\">H\u00e1zsz\u00e1m<\/label><div class=\"div_text\"><input name=\"billing_address_2\" type=\"text\" id=\"billing_address_2\" value=\"\" class=\"textbox\" \/><\/div><label for=\"billing_city\" class=\"text\">Telep\u00fcl\u00e9s<span class=\"req\">*<\/span><\/label><div class=\"div_text\"><input name=\"billing_city\" type=\"text\" id=\"billing_city\" value=\"\" class=\"textbox\" required  \/><\/div><label for=\"billing_zip\" class=\"text\">Ir\u00e1ny\u00edt\u00f3sz\u00e1m<span class=\"req\">*<\/span><\/label><div class=\"div_text\"><input name=\"billing_zip\" type=\"text\" id=\"billing_zip\" value=\"\" class=\"textbox\" required  \/><\/div><label for=\"billing_country\" class=\"text\">Orsz\u00e1g<span class=\"req\">*<\/span><\/label><div class=\"div_text\"><input name=\"billing_country\" type=\"text\" id=\"billing_country\" value=\"\" class=\"textbox\" required  \/><\/div><label for=\"billing_phone\" class=\"text\">Telefonsz\u00e1m<span class=\"req\">*<\/span><\/label><div class=\"div_text\"><input name=\"billing_phone\" type=\"text\" id=\"billing_phone\" value=\"\" class=\"textbox\" required  \/><\/div><label for=\"user_email\" class=\"text\">Email c\u00edm<span class=\"req\">*<\/span><\/label><div class=\"div_text\"><input name=\"user_email\" type=\"email\" id=\"user_email\" value=\"\" class=\"textbox\" required  \/><\/div><label for=\"password\" class=\"text\">Jelsz\u00f3<span class=\"req\">*<\/span><\/label><div class=\"div_text\"><input name=\"password\" type=\"password\" id=\"password\" class=\"textbox\" required  \/><\/div><label for=\"confirm_password\" class=\"text\">Jelsz\u00f3 meger\u0151s\u00edt\u00e9se<span class=\"req\">*<\/span><\/label><div class=\"div_text\"><input name=\"confirm_password\" type=\"password\" id=\"confirm_password\" class=\"textbox\" required  \/><\/div><input name=\"a\" type=\"hidden\" value=\"register\" \/><input name=\"wpmem_reg_page\" type=\"hidden\" value=\"https:\/\/declaration.groupeberkem.com\/hu\/\" \/><div class=\"button_div\"><input name=\"submit\" type=\"submit\" value=\"Regisztr\u00e1ci\u00f3\" class=\"buttons\" \/><\/div><div class=\"req-text\"><span class=\"req\">*<\/span>K\u00f6telez\u0151en kit\u00f6ltend\u0151 mez\u0151<\/div><\/fieldset><\/form><\/div>\n<\/div>\n\n\n\n<div class=\"wp-block-column is-layout-flow wp-block-column-is-layout-flow\"><div id=\"wpmem_login\"><a id=\"login\"><\/a><form action=\"https:\/\/declaration.groupeberkem.com\/hu\/\" method=\"POST\" id=\"wpmem_login_form\" class=\"form\"><input type=\"hidden\" id=\"_wpmem_login_nonce\" name=\"_wpmem_login_nonce\" value=\"19571ed543\" \/><input type=\"hidden\" name=\"_wp_http_referer\" value=\"\/hu\/wp-json\/wp\/v2\/pages\/670\" \/><fieldset><legend>Regisztr\u00e1lt felhaszn\u00e1l\u00f3 bel\u00e9p\u00e9se<\/legend><label for=\"log\">Username or Email<\/label><div class=\"div_text\"><input name=\"log\" type=\"text\" id=\"log\" value=\"\" class=\"username\" required  \/><\/div><label for=\"pwd\">Jelsz\u00f3<\/label><div class=\"div_text\"><input name=\"pwd\" type=\"password\" id=\"pwd\" class=\"password\" required  \/><\/div><input name=\"a\" type=\"hidden\" value=\"login\" \/><input name=\"redirect_to\" type=\"hidden\" value=\"https:\/\/declaration.groupeberkem.com\/hu\/\" \/><div class=\"button_div\"><input name=\"rememberme\" type=\"checkbox\" id=\"rememberme\" value=\"forever\" \/>&nbsp;<label for=\"rememberme\">Eml\u00e9kezzen r\u00e1m<\/label>&nbsp;&nbsp;<input type=\"submit\" name=\"Submit\" value=\"Bel\u00e9p\u00e9s\" class=\"buttons\" \/><\/div><div class=\"link-text\"><span class=\"link-text-forgot\">Elfelejtett jelsz\u00f3?&nbsp;<a href=\"https:\/\/declaration.groupeberkem.com\/hu\/a-fiokom\/?a=pwdreset\">\u00daj jelsz\u00f3 ig\u00e9nyl\u00e9se<\/a><\/span><\/div><\/fieldset><\/form><\/div>\n<\/div>\n<\/div>\n","protected":false},"excerpt":{"rendered":"","protected":false},"author":1,"featured_media":0,"parent":0,"menu_order":0,"comment_status":"closed","ping_status":"closed","template":"templates-pages\/template-connexion.php","meta":{"_acf_changed":false,"footnotes":""},"class_list":["post-670","page","type-page","status-publish","hentry","entry"],"acf":[],"_links":{"self":[{"href":"https:\/\/declaration.groupeberkem.com\/hu\/wp-json\/wp\/v2\/pages\/670","targetHints":{"allow":["GET"]}}],"collection":[{"href":"https:\/\/declaration.groupeberkem.com\/hu\/wp-json\/wp\/v2\/pages"}],"about":[{"href":"https:\/\/declaration.groupeberkem.com\/hu\/wp-json\/wp\/v2\/types\/page"}],"author":[{"embeddable":true,"href":"https:\/\/declaration.groupeberkem.com\/hu\/wp-json\/wp\/v2\/users\/1"}],"replies":[{"embeddable":true,"href":"https:\/\/declaration.groupeberkem.com\/hu\/wp-json\/wp\/v2\/comments?post=670"}],"version-history":[{"count":1,"href":"https:\/\/declaration.groupeberkem.com\/hu\/wp-json\/wp\/v2\/pages\/670\/revisions"}],"predecessor-version":[{"id":671,"href":"https:\/\/declaration.groupeberkem.com\/hu\/wp-json\/wp\/v2\/pages\/670\/revisions\/671"}],"wp:attachment":[{"href":"https:\/\/declaration.groupeberkem.com\/hu\/wp-json\/wp\/v2\/media?parent=670"}],"curies":[{"name":"wp","href":"https:\/\/api.w.org\/{rel}","templated":true}]}}